{"id":27188,"date":"2021-10-27T19:30:41","date_gmt":"2021-10-28T00:30:41","guid":{"rendered":"https:\/\/cilenotrestg.wpengine.com\/seminarios-practicos\/21-seminarios-de-panaderia-y-pasteleria\/"},"modified":"2023-03-06T10:50:31","modified_gmt":"2023-03-06T16:50:31","slug":"21-seminarios-de-panaderia-y-pasteleria","status":"publish","type":"page","link":"https:\/\/culinaryinstitute.edu\/es\/seminarios-practicos\/21-seminarios-de-panaderia-y-pasteleria\/","title":{"rendered":"21 Seminarios de panader\u00eda y pasteler\u00eda"},"content":{"rendered":"","protected":false},"excerpt":{"rendered":"","protected":false},"author":11,"featured_media":0,"parent":27158,"menu_order":0,"comment_status":"closed","ping_status":"closed","template":"page-templates\/Template-Seminar.php","meta":{"_acf_changed":false,"give_campaign_id":0,"footnotes":""},"class_list":["post-27188","page","type-page","status-publish","hentry"],"acf":[],"yoast_head":"<!-- This site is optimized with the Yoast SEO plugin v27.3 - https:\/\/yoast.com\/product\/yoast-seo-wordpress\/ -->\n<title>Culinary Institute Lenotre<\/title>\n<meta name=\"description\" content=\"Aprenda junto a chefs instructores de primera categor\u00eda, con formaci\u00f3n internacional y amables, aprendiendo t\u00e9cnicas en clases reducidas.\" \/>\n<meta name=\"robots\" content=\"index, follow, max-snippet:-1, max-image-preview:large, max-video-preview:-1\" \/>\n<link rel=\"canonical\" href=\"https:\/\/culinaryinstitute.edu\/es\/seminarios-practicos\/21-seminarios-de-panaderia-y-pasteleria\/\" \/>\n<meta property=\"og:locale\" content=\"es_ES\" \/>\n<meta property=\"og:type\" content=\"article\" \/>\n<meta property=\"og:title\" content=\"21 Seminarios de panader\u00eda y pasteler\u00eda | Culinary Institute Culinary Institute Lenotre\" \/>\n<meta property=\"og:description\" content=\"Aprenda junto a chefs instructores de primera categor\u00eda, con formaci\u00f3n internacional y amables, aprendiendo t\u00e9cnicas en clases reducidas.\" \/>\n<meta property=\"og:url\" content=\"https:\/\/culinaryinstitute.edu\/es\/seminarios-practicos\/21-seminarios-de-panaderia-y-pasteleria\/\" \/>\n<meta property=\"og:site_name\" content=\"Culinary Institute Lenotre\" \/>\n<meta property=\"article:publisher\" content=\"https:\/\/www.facebook.com\/culinaryhouston\/\" \/>\n<meta property=\"article:modified_time\" content=\"2023-03-06T16:50:31+00:00\" \/>\n<meta name=\"twitter:card\" content=\"summary_large_image\" \/>\n<script type=\"application\/ld+json\" class=\"yoast-schema-graph\">{\"@context\":\"https:\\\/\\\/schema.org\",\"@graph\":[{\"@type\":\"WebPage\",\"@id\":\"https:\\\/\\\/culinaryinstitute.edu\\\/es\\\/seminarios-practicos\\\/21-seminarios-de-panaderia-y-pasteleria\\\/\",\"url\":\"https:\\\/\\\/culinaryinstitute.edu\\\/es\\\/seminarios-practicos\\\/21-seminarios-de-panaderia-y-pasteleria\\\/\",\"name\":\"21 Seminarios de panader\u00eda y pasteler\u00eda | Culinary Institute Culinary Institute Lenotre\",\"isPartOf\":{\"@id\":\"https:\\\/\\\/culinaryinstitute.edu\\\/es\\\/#website\"},\"datePublished\":\"2021-10-28T00:30:41+00:00\",\"dateModified\":\"2023-03-06T16:50:31+00:00\",\"description\":\"Aprenda junto a chefs instructores de primera categor\u00eda, con formaci\u00f3n internacional y amables, aprendiendo t\u00e9cnicas en clases reducidas.\",\"breadcrumb\":{\"@id\":\"https:\\\/\\\/culinaryinstitute.edu\\\/es\\\/seminarios-practicos\\\/21-seminarios-de-panaderia-y-pasteleria\\\/#breadcrumb\"},\"inLanguage\":\"es\",\"potentialAction\":[{\"@type\":\"ReadAction\",\"target\":[\"https:\\\/\\\/culinaryinstitute.edu\\\/es\\\/seminarios-practicos\\\/21-seminarios-de-panaderia-y-pasteleria\\\/\"]}]},{\"@type\":\"BreadcrumbList\",\"@id\":\"https:\\\/\\\/culinaryinstitute.edu\\\/es\\\/seminarios-practicos\\\/21-seminarios-de-panaderia-y-pasteleria\\\/#breadcrumb\",\"itemListElement\":[{\"@type\":\"ListItem\",\"position\":1,\"name\":\"Home\",\"item\":\"https:\\\/\\\/culinaryinstitute.edu\\\/es\\\/\"},{\"@type\":\"ListItem\",\"position\":2,\"name\":\"Seminarios pr\u00e1cticos\",\"item\":\"https:\\\/\\\/culinaryinstitute.edu\\\/es\\\/hands-on-culinary-seminars\\\/\"},{\"@type\":\"ListItem\",\"position\":3,\"name\":\"21 Seminarios de panader\u00eda y pasteler\u00eda\"}]},{\"@type\":\"WebSite\",\"@id\":\"https:\\\/\\\/culinaryinstitute.edu\\\/es\\\/#website\",\"url\":\"https:\\\/\\\/culinaryinstitute.edu\\\/es\\\/\",\"name\":\"Culinary Institute Lenotre\",\"description\":\"\",\"publisher\":{\"@id\":\"https:\\\/\\\/culinaryinstitute.edu\\\/es\\\/#organization\"},\"potentialAction\":[{\"@type\":\"SearchAction\",\"target\":{\"@type\":\"EntryPoint\",\"urlTemplate\":\"https:\\\/\\\/culinaryinstitute.edu\\\/es\\\/?s={search_term_string}\"},\"query-input\":{\"@type\":\"PropertyValueSpecification\",\"valueRequired\":true,\"valueName\":\"search_term_string\"}}],\"inLanguage\":\"es\"},{\"@type\":\"Organization\",\"@id\":\"https:\\\/\\\/culinaryinstitute.edu\\\/es\\\/#organization\",\"name\":\"Culinary Institute Lenotre\",\"url\":\"https:\\\/\\\/culinaryinstitute.edu\\\/es\\\/\",\"logo\":{\"@type\":\"ImageObject\",\"inLanguage\":\"es\",\"@id\":\"https:\\\/\\\/culinaryinstitute.edu\\\/es\\\/#\\\/schema\\\/logo\\\/image\\\/\",\"url\":\"https:\\\/\\\/culinaryinstitute.edu\\\/wp-content\\\/uploads\\\/2019\\\/04\\\/Culinary-Institute-Lenotre-Logo.jpeg\",\"contentUrl\":\"https:\\\/\\\/culinaryinstitute.edu\\\/wp-content\\\/uploads\\\/2019\\\/04\\\/Culinary-Institute-Lenotre-Logo.jpeg\",\"width\":400,\"height\":206,\"caption\":\"Culinary Institute Lenotre\"},\"image\":{\"@id\":\"https:\\\/\\\/culinaryinstitute.edu\\\/es\\\/#\\\/schema\\\/logo\\\/image\\\/\"},\"sameAs\":[\"https:\\\/\\\/www.facebook.com\\\/culinaryhouston\\\/\",\"https:\\\/\\\/www.instagram.com\\\/lenotre_school\",\"https:\\\/\\\/www.tiktok.com\\\/@culinaryinstitutelenotre\",\"https:\\\/\\\/www.linkedin.com\\\/company\\\/culinary-institute-lenotre\\\/\"]}]}<\/script>\n<!-- \/ Yoast SEO plugin. -->","yoast_head_json":{"title":"Culinary Institute Lenotre","description":"Aprenda junto a chefs instructores de primera categor\u00eda, con formaci\u00f3n internacional y amables, aprendiendo t\u00e9cnicas en clases reducidas.","robots":{"index":"index","follow":"follow","max-snippet":"max-snippet:-1","max-image-preview":"max-image-preview:large","max-video-preview":"max-video-preview:-1"},"canonical":"https:\/\/culinaryinstitute.edu\/es\/seminarios-practicos\/21-seminarios-de-panaderia-y-pasteleria\/","og_locale":"es_ES","og_type":"article","og_title":"21 Seminarios de panader\u00eda y pasteler\u00eda | Culinary Institute Culinary Institute Lenotre","og_description":"Aprenda junto a chefs instructores de primera categor\u00eda, con formaci\u00f3n internacional y amables, aprendiendo t\u00e9cnicas en clases reducidas.","og_url":"https:\/\/culinaryinstitute.edu\/es\/seminarios-practicos\/21-seminarios-de-panaderia-y-pasteleria\/","og_site_name":"Culinary Institute Lenotre","article_publisher":"https:\/\/www.facebook.com\/culinaryhouston\/","article_modified_time":"2023-03-06T16:50:31+00:00","twitter_card":"summary_large_image","schema":{"@context":"https:\/\/schema.org","@graph":[{"@type":"WebPage","@id":"https:\/\/culinaryinstitute.edu\/es\/seminarios-practicos\/21-seminarios-de-panaderia-y-pasteleria\/","url":"https:\/\/culinaryinstitute.edu\/es\/seminarios-practicos\/21-seminarios-de-panaderia-y-pasteleria\/","name":"21 Seminarios de panader\u00eda y pasteler\u00eda | Culinary Institute Culinary Institute Lenotre","isPartOf":{"@id":"https:\/\/culinaryinstitute.edu\/es\/#website"},"datePublished":"2021-10-28T00:30:41+00:00","dateModified":"2023-03-06T16:50:31+00:00","description":"Aprenda junto a chefs instructores de primera categor\u00eda, con formaci\u00f3n internacional y amables, aprendiendo t\u00e9cnicas en clases reducidas.","breadcrumb":{"@id":"https:\/\/culinaryinstitute.edu\/es\/seminarios-practicos\/21-seminarios-de-panaderia-y-pasteleria\/#breadcrumb"},"inLanguage":"es","potentialAction":[{"@type":"ReadAction","target":["https:\/\/culinaryinstitute.edu\/es\/seminarios-practicos\/21-seminarios-de-panaderia-y-pasteleria\/"]}]},{"@type":"BreadcrumbList","@id":"https:\/\/culinaryinstitute.edu\/es\/seminarios-practicos\/21-seminarios-de-panaderia-y-pasteleria\/#breadcrumb","itemListElement":[{"@type":"ListItem","position":1,"name":"Home","item":"https:\/\/culinaryinstitute.edu\/es\/"},{"@type":"ListItem","position":2,"name":"Seminarios pr\u00e1cticos","item":"https:\/\/culinaryinstitute.edu\/es\/hands-on-culinary-seminars\/"},{"@type":"ListItem","position":3,"name":"21 Seminarios de panader\u00eda y pasteler\u00eda"}]},{"@type":"WebSite","@id":"https:\/\/culinaryinstitute.edu\/es\/#website","url":"https:\/\/culinaryinstitute.edu\/es\/","name":"Culinary Institute Lenotre","description":"","publisher":{"@id":"https:\/\/culinaryinstitute.edu\/es\/#organization"},"potentialAction":[{"@type":"SearchAction","target":{"@type":"EntryPoint","urlTemplate":"https:\/\/culinaryinstitute.edu\/es\/?s={search_term_string}"},"query-input":{"@type":"PropertyValueSpecification","valueRequired":true,"valueName":"search_term_string"}}],"inLanguage":"es"},{"@type":"Organization","@id":"https:\/\/culinaryinstitute.edu\/es\/#organization","name":"Culinary Institute Lenotre","url":"https:\/\/culinaryinstitute.edu\/es\/","logo":{"@type":"ImageObject","inLanguage":"es","@id":"https:\/\/culinaryinstitute.edu\/es\/#\/schema\/logo\/image\/","url":"https:\/\/culinaryinstitute.edu\/wp-content\/uploads\/2019\/04\/Culinary-Institute-Lenotre-Logo.jpeg","contentUrl":"https:\/\/culinaryinstitute.edu\/wp-content\/uploads\/2019\/04\/Culinary-Institute-Lenotre-Logo.jpeg","width":400,"height":206,"caption":"Culinary Institute Lenotre"},"image":{"@id":"https:\/\/culinaryinstitute.edu\/es\/#\/schema\/logo\/image\/"},"sameAs":["https:\/\/www.facebook.com\/culinaryhouston\/","https:\/\/www.instagram.com\/lenotre_school","https:\/\/www.tiktok.com\/@culinaryinstitutelenotre","https:\/\/www.linkedin.com\/company\/culinary-institute-lenotre\/"]}]}},"campaignId":"","wpmagazine_modules_lite_featured_media_urls":{"thumbnail":"","cvmm-medium":"","cvmm-medium-plus":"","cvmm-portrait":"","cvmm-medium-square":"","cvmm-large":"","cvmm-small":"","full":""},"categories_names":null,"comments_number":"0","_links":{"self":[{"href":"https:\/\/culinaryinstitute.edu\/es\/wp-json\/wp\/v2\/pages\/27188","targetHints":{"allow":["GET"]}}],"collection":[{"href":"https:\/\/culinaryinstitute.edu\/es\/wp-json\/wp\/v2\/pages"}],"about":[{"href":"https:\/\/culinaryinstitute.edu\/es\/wp-json\/wp\/v2\/types\/page"}],"author":[{"embeddable":true,"href":"https:\/\/culinaryinstitute.edu\/es\/wp-json\/wp\/v2\/users\/11"}],"replies":[{"embeddable":true,"href":"https:\/\/culinaryinstitute.edu\/es\/wp-json\/wp\/v2\/comments?post=27188"}],"version-history":[{"count":0,"href":"https:\/\/culinaryinstitute.edu\/es\/wp-json\/wp\/v2\/pages\/27188\/revisions"}],"up":[{"embeddable":true,"href":"https:\/\/culinaryinstitute.edu\/es\/wp-json\/wp\/v2\/pages\/27158"}],"wp:attachment":[{"href":"https:\/\/culinaryinstitute.edu\/es\/wp-json\/wp\/v2\/media?parent=27188"}],"curies":[{"name":"wp","href":"https:\/\/api.w.org\/{rel}","templated":true}]}}