{"id":27197,"date":"2022-04-05T17:54:19","date_gmt":"2022-04-05T22:54:19","guid":{"rendered":"https:\/\/cilenotrestg.wpengine.com\/programas\/ocio\/creacion-de-equipos\/"},"modified":"2023-02-27T13:15:53","modified_gmt":"2023-02-27T19:15:53","slug":"creacion-de-equipos","status":"publish","type":"page","link":"https:\/\/culinaryinstitute.edu\/es\/programas\/ocio\/creacion-de-equipos\/","title":{"rendered":"Creaci\u00f3n de equipos"},"content":{"rendered":"","protected":false},"excerpt":{"rendered":"","protected":false},"author":11,"featured_media":0,"parent":27183,"menu_order":0,"comment_status":"closed","ping_status":"closed","template":"page-templates\/Template-SubPage.php","meta":{"_acf_changed":false,"give_campaign_id":0,"footnotes":""},"class_list":["post-27197","page","type-page","status-publish","hentry"],"acf":[],"yoast_head":"<!-- This site is optimized with the Yoast SEO plugin v27.3 - https:\/\/yoast.com\/product\/yoast-seo-wordpress\/ -->\n<title>Culinary Institute Lenotre<\/title>\n<meta name=\"description\" content=\"Reserve un evento de formaci\u00f3n de equipos o un acto corporativo y nuestros chefs preparar\u00e1n comidas personalizadas para su grupo en nuestro restaurante.\" \/>\n<meta name=\"robots\" content=\"index, follow, max-snippet:-1, max-image-preview:large, max-video-preview:-1\" \/>\n<link rel=\"canonical\" href=\"https:\/\/culinaryinstitute.edu\/es\/programas\/ocio\/creacion-de-equipos\/\" \/>\n<meta property=\"og:locale\" content=\"es_ES\" \/>\n<meta property=\"og:type\" content=\"article\" \/>\n<meta property=\"og:title\" content=\"Creaci\u00f3n de equipos | Culinary Institute Culinary Institute Lenotre\" \/>\n<meta property=\"og:description\" content=\"Reserve un evento de formaci\u00f3n de equipos o un acto corporativo y nuestros chefs preparar\u00e1n comidas personalizadas para su grupo en nuestro restaurante.\" \/>\n<meta property=\"og:url\" content=\"https:\/\/culinaryinstitute.edu\/es\/programas\/ocio\/creacion-de-equipos\/\" \/>\n<meta property=\"og:site_name\" content=\"Culinary Institute Lenotre\" \/>\n<meta property=\"article:publisher\" content=\"https:\/\/www.facebook.com\/culinaryhouston\/\" \/>\n<meta property=\"article:modified_time\" content=\"2023-02-27T19:15:53+00:00\" \/>\n<meta name=\"twitter:card\" content=\"summary_large_image\" \/>\n<script type=\"application\/ld+json\" class=\"yoast-schema-graph\">{\"@context\":\"https:\\\/\\\/schema.org\",\"@graph\":[{\"@type\":\"WebPage\",\"@id\":\"https:\\\/\\\/culinaryinstitute.edu\\\/es\\\/programas\\\/ocio\\\/creacion-de-equipos\\\/\",\"url\":\"https:\\\/\\\/culinaryinstitute.edu\\\/es\\\/programas\\\/ocio\\\/creacion-de-equipos\\\/\",\"name\":\"Creaci\u00f3n de equipos | Culinary Institute Culinary Institute Lenotre\",\"isPartOf\":{\"@id\":\"https:\\\/\\\/culinaryinstitute.edu\\\/es\\\/#website\"},\"datePublished\":\"2022-04-05T22:54:19+00:00\",\"dateModified\":\"2023-02-27T19:15:53+00:00\",\"description\":\"Reserve un evento de formaci\u00f3n de equipos o un acto corporativo y nuestros chefs preparar\u00e1n comidas personalizadas para su grupo en nuestro restaurante.\",\"breadcrumb\":{\"@id\":\"https:\\\/\\\/culinaryinstitute.edu\\\/es\\\/programas\\\/ocio\\\/creacion-de-equipos\\\/#breadcrumb\"},\"inLanguage\":\"es\",\"potentialAction\":[{\"@type\":\"ReadAction\",\"target\":[\"https:\\\/\\\/culinaryinstitute.edu\\\/es\\\/programas\\\/ocio\\\/creacion-de-equipos\\\/\"]}]},{\"@type\":\"BreadcrumbList\",\"@id\":\"https:\\\/\\\/culinaryinstitute.edu\\\/es\\\/programas\\\/ocio\\\/creacion-de-equipos\\\/#breadcrumb\",\"itemListElement\":[{\"@type\":\"ListItem\",\"position\":1,\"name\":\"Home\",\"item\":\"https:\\\/\\\/culinaryinstitute.edu\\\/es\\\/\"},{\"@type\":\"ListItem\",\"position\":2,\"name\":\"Programas\",\"item\":\"https:\\\/\\\/culinaryinstitute.edu\\\/es\\\/programs\\\/\"},{\"@type\":\"ListItem\",\"position\":3,\"name\":\"Ocio\",\"item\":\"https:\\\/\\\/culinaryinstitute.edu\\\/es\\\/programs\\\/leisure\\\/\"},{\"@type\":\"ListItem\",\"position\":4,\"name\":\"Creaci\u00f3n de equipos\"}]},{\"@type\":\"WebSite\",\"@id\":\"https:\\\/\\\/culinaryinstitute.edu\\\/es\\\/#website\",\"url\":\"https:\\\/\\\/culinaryinstitute.edu\\\/es\\\/\",\"name\":\"Culinary Institute Lenotre\",\"description\":\"\",\"publisher\":{\"@id\":\"https:\\\/\\\/culinaryinstitute.edu\\\/es\\\/#organization\"},\"potentialAction\":[{\"@type\":\"SearchAction\",\"target\":{\"@type\":\"EntryPoint\",\"urlTemplate\":\"https:\\\/\\\/culinaryinstitute.edu\\\/es\\\/?s={search_term_string}\"},\"query-input\":{\"@type\":\"PropertyValueSpecification\",\"valueRequired\":true,\"valueName\":\"search_term_string\"}}],\"inLanguage\":\"es\"},{\"@type\":\"Organization\",\"@id\":\"https:\\\/\\\/culinaryinstitute.edu\\\/es\\\/#organization\",\"name\":\"Culinary Institute Lenotre\",\"url\":\"https:\\\/\\\/culinaryinstitute.edu\\\/es\\\/\",\"logo\":{\"@type\":\"ImageObject\",\"inLanguage\":\"es\",\"@id\":\"https:\\\/\\\/culinaryinstitute.edu\\\/es\\\/#\\\/schema\\\/logo\\\/image\\\/\",\"url\":\"https:\\\/\\\/culinaryinstitute.edu\\\/wp-content\\\/uploads\\\/2019\\\/04\\\/Culinary-Institute-Lenotre-Logo.jpeg\",\"contentUrl\":\"https:\\\/\\\/culinaryinstitute.edu\\\/wp-content\\\/uploads\\\/2019\\\/04\\\/Culinary-Institute-Lenotre-Logo.jpeg\",\"width\":400,\"height\":206,\"caption\":\"Culinary Institute Lenotre\"},\"image\":{\"@id\":\"https:\\\/\\\/culinaryinstitute.edu\\\/es\\\/#\\\/schema\\\/logo\\\/image\\\/\"},\"sameAs\":[\"https:\\\/\\\/www.facebook.com\\\/culinaryhouston\\\/\",\"https:\\\/\\\/www.instagram.com\\\/lenotre_school\",\"https:\\\/\\\/www.tiktok.com\\\/@culinaryinstitutelenotre\",\"https:\\\/\\\/www.linkedin.com\\\/company\\\/culinary-institute-lenotre\\\/\"]}]}<\/script>\n<!-- \/ Yoast SEO plugin. -->","yoast_head_json":{"title":"Culinary Institute Lenotre","description":"Reserve un evento de formaci\u00f3n de equipos o un acto corporativo y nuestros chefs preparar\u00e1n comidas personalizadas para su grupo en nuestro restaurante.","robots":{"index":"index","follow":"follow","max-snippet":"max-snippet:-1","max-image-preview":"max-image-preview:large","max-video-preview":"max-video-preview:-1"},"canonical":"https:\/\/culinaryinstitute.edu\/es\/programas\/ocio\/creacion-de-equipos\/","og_locale":"es_ES","og_type":"article","og_title":"Creaci\u00f3n de equipos | Culinary Institute Culinary Institute Lenotre","og_description":"Reserve un evento de formaci\u00f3n de equipos o un acto corporativo y nuestros chefs preparar\u00e1n comidas personalizadas para su grupo en nuestro restaurante.","og_url":"https:\/\/culinaryinstitute.edu\/es\/programas\/ocio\/creacion-de-equipos\/","og_site_name":"Culinary Institute Lenotre","article_publisher":"https:\/\/www.facebook.com\/culinaryhouston\/","article_modified_time":"2023-02-27T19:15:53+00:00","twitter_card":"summary_large_image","schema":{"@context":"https:\/\/schema.org","@graph":[{"@type":"WebPage","@id":"https:\/\/culinaryinstitute.edu\/es\/programas\/ocio\/creacion-de-equipos\/","url":"https:\/\/culinaryinstitute.edu\/es\/programas\/ocio\/creacion-de-equipos\/","name":"Creaci\u00f3n de equipos | Culinary Institute Culinary Institute Lenotre","isPartOf":{"@id":"https:\/\/culinaryinstitute.edu\/es\/#website"},"datePublished":"2022-04-05T22:54:19+00:00","dateModified":"2023-02-27T19:15:53+00:00","description":"Reserve un evento de formaci\u00f3n de equipos o un acto corporativo y nuestros chefs preparar\u00e1n comidas personalizadas para su grupo en nuestro restaurante.","breadcrumb":{"@id":"https:\/\/culinaryinstitute.edu\/es\/programas\/ocio\/creacion-de-equipos\/#breadcrumb"},"inLanguage":"es","potentialAction":[{"@type":"ReadAction","target":["https:\/\/culinaryinstitute.edu\/es\/programas\/ocio\/creacion-de-equipos\/"]}]},{"@type":"BreadcrumbList","@id":"https:\/\/culinaryinstitute.edu\/es\/programas\/ocio\/creacion-de-equipos\/#breadcrumb","itemListElement":[{"@type":"ListItem","position":1,"name":"Home","item":"https:\/\/culinaryinstitute.edu\/es\/"},{"@type":"ListItem","position":2,"name":"Programas","item":"https:\/\/culinaryinstitute.edu\/es\/programs\/"},{"@type":"ListItem","position":3,"name":"Ocio","item":"https:\/\/culinaryinstitute.edu\/es\/programs\/leisure\/"},{"@type":"ListItem","position":4,"name":"Creaci\u00f3n de equipos"}]},{"@type":"WebSite","@id":"https:\/\/culinaryinstitute.edu\/es\/#website","url":"https:\/\/culinaryinstitute.edu\/es\/","name":"Culinary Institute Lenotre","description":"","publisher":{"@id":"https:\/\/culinaryinstitute.edu\/es\/#organization"},"potentialAction":[{"@type":"SearchAction","target":{"@type":"EntryPoint","urlTemplate":"https:\/\/culinaryinstitute.edu\/es\/?s={search_term_string}"},"query-input":{"@type":"PropertyValueSpecification","valueRequired":true,"valueName":"search_term_string"}}],"inLanguage":"es"},{"@type":"Organization","@id":"https:\/\/culinaryinstitute.edu\/es\/#organization","name":"Culinary Institute Lenotre","url":"https:\/\/culinaryinstitute.edu\/es\/","logo":{"@type":"ImageObject","inLanguage":"es","@id":"https:\/\/culinaryinstitute.edu\/es\/#\/schema\/logo\/image\/","url":"https:\/\/culinaryinstitute.edu\/wp-content\/uploads\/2019\/04\/Culinary-Institute-Lenotre-Logo.jpeg","contentUrl":"https:\/\/culinaryinstitute.edu\/wp-content\/uploads\/2019\/04\/Culinary-Institute-Lenotre-Logo.jpeg","width":400,"height":206,"caption":"Culinary Institute Lenotre"},"image":{"@id":"https:\/\/culinaryinstitute.edu\/es\/#\/schema\/logo\/image\/"},"sameAs":["https:\/\/www.facebook.com\/culinaryhouston\/","https:\/\/www.instagram.com\/lenotre_school","https:\/\/www.tiktok.com\/@culinaryinstitutelenotre","https:\/\/www.linkedin.com\/company\/culinary-institute-lenotre\/"]}]}},"campaignId":"","wpmagazine_modules_lite_featured_media_urls":{"thumbnail":"","cvmm-medium":"","cvmm-medium-plus":"","cvmm-portrait":"","cvmm-medium-square":"","cvmm-large":"","cvmm-small":"","full":""},"categories_names":null,"comments_number":"0","_links":{"self":[{"href":"https:\/\/culinaryinstitute.edu\/es\/wp-json\/wp\/v2\/pages\/27197","targetHints":{"allow":["GET"]}}],"collection":[{"href":"https:\/\/culinaryinstitute.edu\/es\/wp-json\/wp\/v2\/pages"}],"about":[{"href":"https:\/\/culinaryinstitute.edu\/es\/wp-json\/wp\/v2\/types\/page"}],"author":[{"embeddable":true,"href":"https:\/\/culinaryinstitute.edu\/es\/wp-json\/wp\/v2\/users\/11"}],"replies":[{"embeddable":true,"href":"https:\/\/culinaryinstitute.edu\/es\/wp-json\/wp\/v2\/comments?post=27197"}],"version-history":[{"count":0,"href":"https:\/\/culinaryinstitute.edu\/es\/wp-json\/wp\/v2\/pages\/27197\/revisions"}],"up":[{"embeddable":true,"href":"https:\/\/culinaryinstitute.edu\/es\/wp-json\/wp\/v2\/pages\/27183"}],"wp:attachment":[{"href":"https:\/\/culinaryinstitute.edu\/es\/wp-json\/wp\/v2\/media?parent=27197"}],"curies":[{"name":"wp","href":"https:\/\/api.w.org\/{rel}","templated":true}]}}